{"id":234,"date":"2024-08-05T22:50:17","date_gmt":"2024-08-05T22:50:17","guid":{"rendered":"https:\/\/water-kiosk.org\/?page_id=234"},"modified":"2025-10-28T19:31:32","modified_gmt":"2025-10-28T19:31:32","slug":"mentions-legales","status":"publish","type":"page","link":"https:\/\/water-kiosk.org\/fr\/mentions-legales\/","title":{"rendered":"Mentions l\u00e9gales"},"content":{"rendered":"\n<p>Just It GmbH<br>Wilhelm-Blos-Str. 33<br>12623 Berlin<\/p>\n\n\n\n<p><strong>Contact<\/strong><br>T\u00e9l\u00e9phone : +49 (0) 152 22 123 555<br>Courriel : team@justit.berlin<\/p>\n\n\n\n<p>Responsable en tant que directeur g\u00e9n\u00e9ral : Robert Scharrenberg<br>Enregistr\u00e9 aupr\u00e8s de l&rsquo;Amtsgericht Berlin-Charlottenburg<br>Num\u00e9ro d&rsquo;enregistrement : HRB 201085 B<br>Num\u00e9ro d&rsquo;identification fiscale : 29\/369\/30170<\/p>\n\n\n\n<h2 class=\"wp-block-heading\"><strong>M\u00e9diation de l&rsquo;UE<\/strong><\/h2>\n\n\n\n<p>La Commission europ\u00e9enne met \u00e0 disposition une plateforme de r\u00e9solution des litiges en ligne (ODR) : https:\/\/ec.europa.eu\/consumers\/odr.<\/p>\n\n\n\n<p>Vous trouverez notre adresse \u00e9lectronique dans les mentions l\u00e9gales ci-dessus.<\/p>\n\n\n\n<p>R\u00e8glement des litiges de consommation \/ Service universel de r\u00e8glement des litiges<\/p>\n\n\n\n<p>Nous ne sommes pas dispos\u00e9s \u00e0 participer \u00e0 une proc\u00e9dure de r\u00e8glement des litiges devant un organe de m\u00e9diation et nous ne sommes pas tenus de le faire.<\/p>\n\n\n\n<h2 class=\"wp-block-heading\"><strong>Responsabilit\u00e9 du contenu<\/strong><\/h2>\n\n\n\n<p>En tant que prestataire de services, nous sommes, conform\u00e9ment \u00e0 l&rsquo;article 7, paragraphe 1, de la TMG, responsables du contenu de ces pages en vertu des lois g\u00e9n\u00e9rales. Conform\u00e9ment aux articles 8 \u00e0 10 de la TMG, nous ne sommes toutefois pas tenus, en tant que prestataire de services, de surveiller les informations transmises ou stock\u00e9es par des tiers, ni d&rsquo;enqu\u00eater sur des circonstances indiquant une activit\u00e9 ill\u00e9gale.<\/p>\n\n\n\n<p>Les obligations de supprimer ou de bloquer l&rsquo;utilisation d&rsquo;informations conform\u00e9ment aux lois g\u00e9n\u00e9rales restent inchang\u00e9es. Toutefois, la responsabilit\u00e9 \u00e0 cet \u00e9gard n&rsquo;est possible qu&rsquo;\u00e0 partir du moment o\u00f9 l&rsquo;on a connaissance d&rsquo;une infraction concr\u00e8te. Si nous avons connaissance de violations de la loi, nous les \u00e9liminerons imm\u00e9diatement.<\/p>\n\n\n\n<h2 class=\"wp-block-heading\"><strong>Responsabilit\u00e9 pour les liens<\/strong><\/h2>\n\n\n\n<p>Notre offre contient des liens vers des sites web externes de tiers, sur le contenu desquels nous n&rsquo;avons aucune influence.<\/p>\n\n\n\n<p>C&rsquo;est pourquoi nous n&rsquo;assumons aucune responsabilit\u00e9 pour ces contenus externes. Le fournisseur ou l&rsquo;exploitant des pages est toujours responsable du contenu des pages li\u00e9es. Les pages li\u00e9es ont \u00e9t\u00e9 contr\u00f4l\u00e9es au moment de la mise en place des liens afin de d\u00e9tecter d&rsquo;\u00e9ventuelles violations de la loi. Les contenus ill\u00e9gaux n&rsquo;\u00e9taient pas identifiables au moment de la cr\u00e9ation des liens.<\/p>\n\n\n\n<p>Toutefois, un contr\u00f4le permanent du contenu des pages li\u00e9es n&rsquo;est pas raisonnable en l&rsquo;absence de preuves concr\u00e8tes d&rsquo;une violation de la loi. Si nous avons connaissance de violations de la loi, nous supprimerons imm\u00e9diatement ces liens.<\/p>\n\n\n\n<h2 class=\"wp-block-heading\"><strong>Droits d&rsquo;auteur<\/strong><\/h2>\n\n\n\n<p>Le contenu et les \u0153uvres cr\u00e9\u00e9s par les exploitants du site sur ces pages sont soumis \u00e0 la loi allemande sur les droits d&rsquo;auteur. La reproduction, le traitement, la distribution ou toute forme de commercialisation de ce mat\u00e9riel au-del\u00e0 du champ d&rsquo;application de la loi sur les droits d&rsquo;auteur n\u00e9cessitent l&rsquo;accord \u00e9crit pr\u00e9alable de l&rsquo;auteur ou du cr\u00e9ateur respectif.<\/p>\n\n\n\n<p>Les t\u00e9l\u00e9chargements et les copies de cette page ne sont autoris\u00e9s que pour un usage priv\u00e9 et non commercial.<\/p>\n\n\n\n<p>En particulier, les contenus de tiers sont identifi\u00e9s comme tels. Si vous avez n\u00e9anmoins connaissance d&rsquo;une violation des droits d&rsquo;auteur, veuillez nous en informer. Si nous avons connaissance d&rsquo;une infraction, nous supprimerons imm\u00e9diatement le contenu en question.<\/p>\n\n\n\n<p>Dans la mesure o\u00f9 le contenu de cette page n&rsquo;a pas \u00e9t\u00e9 cr\u00e9\u00e9 par l&rsquo;op\u00e9rateur, les droits d&rsquo;auteur des tiers sont respect\u00e9s.<\/p>\n\n\n\n<h2 class=\"wp-block-heading\"><strong>Protection de la vie priv\u00e9e<\/strong><\/h2>\n\n\n\n<p>L&rsquo;utilisation de notre site web est g\u00e9n\u00e9ralement possible sans fournir de donn\u00e9es personnelles. Dans la mesure o\u00f9 des donn\u00e9es personnelles (par exemple le nom, l&rsquo;adresse ou l&rsquo;adresse \u00e9lectronique) sont collect\u00e9es sur nos pages, cela se fait toujours, dans la mesure du possible, sur une base volontaire. Ces donn\u00e9es ne seront pas transmises \u00e0 des tiers sans votre consentement explicite.<\/p>\n\n\n\n<p>Nous attirons l&rsquo;attention sur le fait que la transmission de donn\u00e9es sur Internet (par exemple la communication par courrier \u00e9lectronique) peut pr\u00e9senter des lacunes en mati\u00e8re de s\u00e9curit\u00e9. Il n&rsquo;est pas possible de prot\u00e9ger compl\u00e8tement les donn\u00e9es contre l&rsquo;acc\u00e8s par des tiers.<\/p>\n\n\n\n<p>L&rsquo;utilisation par des tiers des donn\u00e9es de contact publi\u00e9es dans le cadre de l&rsquo;obligation de respecter les mentions l\u00e9gales pour l&rsquo;envoi de publicit\u00e9 et de mat\u00e9riel d&rsquo;information non sollicit\u00e9s est express\u00e9ment interdite. Les exploitants des pages se r\u00e9servent express\u00e9ment le droit d&rsquo;intenter une action en justice en cas d&rsquo;envoi non sollicit\u00e9 d&rsquo;informations publicitaires, telles que des courriers \u00e9lectroniques non sollicit\u00e9s (spam).<\/p>\n","protected":false},"excerpt":{"rendered":"<p>Just It GmbHWilhelm-Blos-Str. 3312623 Berlin ContactT\u00e9l\u00e9phone : +49 (0) 152 22 123 555Courriel : team@justit.berlin Responsable en tant que directeur g\u00e9n\u00e9ral : Robert ScharrenbergEnregistr\u00e9 aupr\u00e8s de l&rsquo;Amtsgericht Berlin-CharlottenburgNum\u00e9ro d&rsquo;enregistrement : HRB 201085 BNum\u00e9ro d&rsquo;identification fiscale : 29\/369\/30170 M\u00e9diation de l&rsquo;UE La Commission europ\u00e9enne met \u00e0 disposition une plateforme de r\u00e9solution des litiges en ligne (ODR) [&hellip;]<\/p>\n","protected":false},"author":1,"featured_media":0,"parent":0,"menu_order":0,"comment_status":"closed","ping_status":"closed","template":"","meta":{"_seopress_robots_primary_cat":"","_seopress_titles_title":"","_seopress_titles_desc":"","_seopress_robots_index":"","iawp_total_views":5,"footnotes":""},"class_list":["post-234","page","type-page","status-publish"],"_links":{"self":[{"href":"https:\/\/water-kiosk.org\/fr\/wp-json\/wp\/v2\/pages\/234","targetHints":{"allow":["GET"]}}],"collection":[{"href":"https:\/\/water-kiosk.org\/fr\/wp-json\/wp\/v2\/pages"}],"about":[{"href":"https:\/\/water-kiosk.org\/fr\/wp-json\/wp\/v2\/types\/page"}],"author":[{"embeddable":true,"href":"https:\/\/water-kiosk.org\/fr\/wp-json\/wp\/v2\/users\/1"}],"replies":[{"embeddable":true,"href":"https:\/\/water-kiosk.org\/fr\/wp-json\/wp\/v2\/comments?post=234"}],"version-history":[{"count":7,"href":"https:\/\/water-kiosk.org\/fr\/wp-json\/wp\/v2\/pages\/234\/revisions"}],"predecessor-version":[{"id":407,"href":"https:\/\/water-kiosk.org\/fr\/wp-json\/wp\/v2\/pages\/234\/revisions\/407"}],"wp:attachment":[{"href":"https:\/\/water-kiosk.org\/fr\/wp-json\/wp\/v2\/media?parent=234"}],"curies":[{"name":"wp","href":"https:\/\/api.w.org\/{rel}","templated":true}]}}