{"id":824,"date":"2025-01-21T22:55:20","date_gmt":"2025-01-21T22:55:20","guid":{"rendered":"https:\/\/water-kiosk.org\/?page_id=824"},"modified":"2025-10-28T19:33:45","modified_gmt":"2025-10-28T19:33:45","slug":"a-propos-de","status":"publish","type":"page","link":"https:\/\/water-kiosk.org\/fr\/a-propos-de\/","title":{"rendered":"A propos de"},"content":{"rendered":"","protected":false},"excerpt":{"rendered":"","protected":false},"author":1,"featured_media":0,"parent":0,"menu_order":0,"comment_status":"closed","ping_status":"closed","template":"","meta":{"_seopress_robots_primary_cat":"","_seopress_titles_title":"\u00c0 propos des solutions durables pour l'eau en Afrique","_seopress_titles_desc":"D\u00e9couvrez notre mission qui consiste \u00e0 offrir des solutions durables en mati\u00e8re d'eau gr\u00e2ce \u00e0 la technologie solaire pour les communaut\u00e9s hors r\u00e9seau en Afrique. D\u00e9couvrez notre travail \u00e0 Siganar et Podor.","_seopress_robots_index":"","iawp_total_views":17,"footnotes":""},"class_list":["post-824","page","type-page","status-publish"],"_links":{"self":[{"href":"https:\/\/water-kiosk.org\/fr\/wp-json\/wp\/v2\/pages\/824","targetHints":{"allow":["GET"]}}],"collection":[{"href":"https:\/\/water-kiosk.org\/fr\/wp-json\/wp\/v2\/pages"}],"about":[{"href":"https:\/\/water-kiosk.org\/fr\/wp-json\/wp\/v2\/types\/page"}],"author":[{"embeddable":true,"href":"https:\/\/water-kiosk.org\/fr\/wp-json\/wp\/v2\/users\/1"}],"replies":[{"embeddable":true,"href":"https:\/\/water-kiosk.org\/fr\/wp-json\/wp\/v2\/comments?post=824"}],"version-history":[{"count":3,"href":"https:\/\/water-kiosk.org\/fr\/wp-json\/wp\/v2\/pages\/824\/revisions"}],"predecessor-version":[{"id":830,"href":"https:\/\/water-kiosk.org\/fr\/wp-json\/wp\/v2\/pages\/824\/revisions\/830"}],"wp:attachment":[{"href":"https:\/\/water-kiosk.org\/fr\/wp-json\/wp\/v2\/media?parent=824"}],"curies":[{"name":"wp","href":"https:\/\/api.w.org\/{rel}","templated":true}]}}